{"id":3121,"date":"2025-03-06T14:38:48","date_gmt":"2025-03-06T14:38:48","guid":{"rendered":"https:\/\/www.goldoptionrealestate.com\/contacts\/"},"modified":"2025-06-02T14:32:49","modified_gmt":"2025-06-02T14:32:49","slug":"contacts","status":"publish","type":"page","link":"https:\/\/www.goldoptionrealestate.com\/fr\/contacts\/","title":{"rendered":"Contacts"},"content":{"rendered":"\t\t<div data-elementor-type=\"wp-page\" data-elementor-id=\"3121\" class=\"elementor elementor-3121 elementor-43\" data-elementor-post-type=\"page\">\n\t\t\t\t<div class=\"elementor-element elementor-element-ca41da9 e-con-full e-flex e-con e-parent\" data-id=\"ca41da9\" data-element_type=\"container\" data-e-type=\"container\" id=\"topo\">\n\t\t<div class=\"elementor-element elementor-element-3b8b133 e-flex e-con-boxed e-con e-child\" data-id=\"3b8b133\" data-element_type=\"container\" data-e-type=\"container\">\n\t\t\t\t\t<div class=\"e-con-inner\">\n\t\t\t\t<div class=\"elementor-element elementor-element-052673e elementor-invisible elementor-widget elementor-widget-elementskit-heading\" data-id=\"052673e\" data-element_type=\"widget\" data-e-type=\"widget\" data-settings=\"{&quot;_animation&quot;:&quot;fadeInDown&quot;}\" data-widget_type=\"elementskit-heading.default\">\n\t\t\t\t<div class=\"elementor-widget-container\">\n\t\t\t\t\t<div class=\"ekit-wid-con\" ><div class=\"ekit-heading elementskit-section-title-wraper text_center   ekit_heading_tablet-   ekit_heading_mobile-\"><h1 class=\"ekit-heading--title elementskit-section-title \">Entrer dans<br><span><span>Contacto<\/span><\/span><\/h1><\/div><\/div>\t\t\t\t<\/div>\n\t\t\t\t<\/div>\n\t\t\t\t\t<\/div>\n\t\t\t\t<\/div>\n\t\t<div class=\"elementor-element elementor-element-baa4be2 e-con-full e-flex e-con e-child\" data-id=\"baa4be2\" data-element_type=\"container\" data-e-type=\"container\">\n\t\t\t\t<div class=\"elementor-element elementor-element-3c450e5 elementor-invisible elementor-widget elementor-widget-image\" data-id=\"3c450e5\" data-element_type=\"widget\" data-e-type=\"widget\" data-settings=\"{&quot;_animation&quot;:&quot;fadeIn&quot;}\" data-widget_type=\"image.default\">\n\t\t\t\t<div class=\"elementor-widget-container\">\n\t\t\t\t\t\t\t\t\t\t\t\t\t\t\t<img fetchpriority=\"high\" decoding=\"async\" width=\"2000\" height=\"800\" src=\"https:\/\/www.goldoptionrealestate.com\/wp-content\/uploads\/2025\/03\/150826-min-e1741888105485.jpg\" class=\"attachment-full size-full wp-image-3137\" alt=\"\" srcset=\"https:\/\/www.goldoptionrealestate.com\/wp-content\/uploads\/2025\/03\/150826-min-e1741888105485.jpg 2000w, https:\/\/www.goldoptionrealestate.com\/wp-content\/uploads\/2025\/03\/150826-min-e1741888105485-300x120.jpg 300w, https:\/\/www.goldoptionrealestate.com\/wp-content\/uploads\/2025\/03\/150826-min-e1741888105485-1024x410.jpg 1024w, https:\/\/www.goldoptionrealestate.com\/wp-content\/uploads\/2025\/03\/150826-min-e1741888105485-768x307.jpg 768w, https:\/\/www.goldoptionrealestate.com\/wp-content\/uploads\/2025\/03\/150826-min-e1741888105485-1536x614.jpg 1536w\" sizes=\"(max-width: 2000px) 100vw, 2000px\" \/>\t\t\t\t\t\t\t\t\t\t\t\t\t\t\t<\/div>\n\t\t\t\t<\/div>\n\t\t\t\t<\/div>\n\t\t\t\t<\/div>\n\t\t<div class=\"elementor-element elementor-element-d39bd2f e-flex e-con-boxed e-con e-parent\" data-id=\"d39bd2f\" data-element_type=\"container\" data-e-type=\"container\">\n\t\t\t\t\t<div class=\"e-con-inner\">\n\t\t<div class=\"elementor-element elementor-element-55e2069 e-con-full e-flex e-con e-child\" data-id=\"55e2069\" data-element_type=\"container\" data-e-type=\"container\">\n\t\t\t\t<div class=\"elementor-element elementor-element-d226c58 elementor-widget elementor-widget-heading\" data-id=\"d226c58\" data-element_type=\"widget\" data-e-type=\"widget\" data-widget_type=\"heading.default\">\n\t\t\t\t<div class=\"elementor-widget-container\">\n\t\t\t\t\t<h2 class=\"elementor-heading-title elementor-size-default\">Besoin de plus d'informations ?<\/h2>\t\t\t\t<\/div>\n\t\t\t\t<\/div>\n\t\t\t\t<div class=\"elementor-element elementor-element-4c08399 elementor-widget elementor-widget-text-editor\" data-id=\"4c08399\" data-element_type=\"widget\" data-e-type=\"widget\" data-widget_type=\"text-editor.default\">\n\t\t\t\t<div class=\"elementor-widget-container\">\n\t\t\t\t\t\t\t\t\t<p>Contactez-nous ou remplissez le formulaire ci-dessous. Nous vous r\u00e9pondrons dans les plus brefs d\u00e9lais.<\/p>\t\t\t\t\t\t\t\t<\/div>\n\t\t\t\t<\/div>\n\t\t\t\t<\/div>\n\t\t<div class=\"elementor-element elementor-element-5f6cc24 e-con-full e-flex e-con e-child\" data-id=\"5f6cc24\" data-element_type=\"container\" data-e-type=\"container\">\n\t\t\t\t<div class=\"elementor-element elementor-element-f9aabea elementor-button-align-center elementor-widget__width-initial elementor-widget-mobile__width-inherit elementor-widget elementor-widget-form\" data-id=\"f9aabea\" data-element_type=\"widget\" data-e-type=\"widget\" data-settings=\"{&quot;step_next_label&quot;:&quot;Next&quot;,&quot;step_previous_label&quot;:&quot;Previous&quot;,&quot;step_type&quot;:&quot;number_text&quot;,&quot;step_icon_shape&quot;:&quot;circle&quot;}\" data-widget_type=\"form.default\">\n\t\t\t\t<div class=\"elementor-widget-container\">\n\t\t\t\t\t\t\t<form class=\"elementor-form\" method=\"post\" name=\"Contacts\" aria-label=\"Contacts\">\n\t\t\t<input type=\"hidden\" name=\"post_id\" value=\"3121\"\/>\n\t\t\t<input type=\"hidden\" name=\"form_id\" value=\"f9aabea\"\/>\n\t\t\t<input type=\"hidden\" name=\"referer_title\" value=\"Contacts - GoldOption\" \/>\n\n\t\t\t\t\t\t\t<input type=\"hidden\" name=\"queried_id\" value=\"3121\"\/>\n\t\t\t\n\t\t\t<div class=\"elementor-form-fields-wrapper elementor-labels-above\">\n\t\t\t\t\t\t\t\t<div class=\"elementor-field-type-text elementor-field-group elementor-column elementor-field-group-name elementor-col-100\">\n\t\t\t\t\t\t\t\t\t\t\t\t<label for=\"form-field-name\" class=\"elementor-field-label\">\n\t\t\t\t\t\t\t\tNom\t\t\t\t\t\t\t<\/label>\n\t\t\t\t\t\t\t\t\t\t\t\t\t\t<input size=\"1\" type=\"text\" name=\"form_fields[name]\" id=\"form-field-name\" class=\"elementor-field elementor-size-md  elementor-field-textual\">\n\t\t\t\t\t\t\t\t\t\t\t<\/div>\n\t\t\t\t\t\t\t\t<div class=\"elementor-field-type-email elementor-field-group elementor-column elementor-field-group-email elementor-col-100 elementor-field-required\">\n\t\t\t\t\t\t\t\t\t\t\t\t<label for=\"form-field-email\" class=\"elementor-field-label\">\n\t\t\t\t\t\t\t\tEmail\t\t\t\t\t\t\t<\/label>\n\t\t\t\t\t\t\t\t\t\t\t\t\t\t<input size=\"1\" type=\"email\" name=\"form_fields[email]\" id=\"form-field-email\" class=\"elementor-field elementor-size-md  elementor-field-textual\" required=\"required\">\n\t\t\t\t\t\t\t\t\t\t\t<\/div>\n\t\t\t\t\t\t\t\t<div class=\"elementor-field-type-textarea elementor-field-group elementor-column elementor-field-group-message elementor-col-100\">\n\t\t\t\t\t\t\t\t\t\t\t\t<label for=\"form-field-message\" class=\"elementor-field-label\">\n\t\t\t\t\t\t\t\tMessage\t\t\t\t\t\t\t<\/label>\n\t\t\t\t\t\t<textarea class=\"elementor-field-textual elementor-field  elementor-size-md\" name=\"form_fields[message]\" id=\"form-field-message\" rows=\"4\"><\/textarea>\t\t\t\t<\/div>\n\t\t\t\t\t\t\t\t<div class=\"elementor-field-group elementor-column elementor-field-type-submit elementor-col-100 e-form__buttons\">\n\t\t\t\t\t<button class=\"elementor-button elementor-size-sm\" type=\"submit\">\n\t\t\t\t\t\t<span class=\"elementor-button-content-wrapper\">\n\t\t\t\t\t\t\t\t\t\t\t\t\t\t\t\t\t\t\t\t\t\t<span class=\"elementor-button-text\">Envoyer un message<\/span>\n\t\t\t\t\t\t\t\t\t\t\t\t\t<\/span>\n\t\t\t\t\t<\/button>\n\t\t\t\t<\/div>\n\t\t\t<\/div>\n\t\t<\/form>\n\t\t\t\t\t\t<\/div>\n\t\t\t\t<\/div>\n\t\t\t\t<\/div>\n\t\t<div class=\"elementor-element elementor-element-4d36217 e-con-full e-flex e-con e-child\" data-id=\"4d36217\" data-element_type=\"container\" data-e-type=\"container\">\n\t\t\t\t<div class=\"elementor-element elementor-element-5c64fa0 elementor-align-justify elementor-widget__width-inherit elementor-widget elementor-widget-button\" data-id=\"5c64fa0\" data-element_type=\"widget\" data-e-type=\"widget\" data-widget_type=\"button.default\">\n\t\t\t\t<div class=\"elementor-widget-container\">\n\t\t\t\t\t\t\t\t\t<div class=\"elementor-button-wrapper\">\n\t\t\t\t\t<a class=\"elementor-button elementor-button-link elementor-size-sm\" href=\"tel:+351933992518\">\n\t\t\t\t\t\t<span class=\"elementor-button-content-wrapper\">\n\t\t\t\t\t\t<span class=\"elementor-button-icon\">\n\t\t\t\t<svg aria-hidden=\"true\" class=\"e-font-icon-svg e-fas-phone-alt\" viewBox=\"0 0 512 512\" xmlns=\"http:\/\/www.w3.org\/2000\/svg\"><path d=\"M497.39 361.8l-112-48a24 24 0 0 0-28 6.9l-49.6 60.6A370.66 370.66 0 0 1 130.6 204.11l60.6-49.6a23.94 23.94 0 0 0 6.9-28l-48-112A24.16 24.16 0 0 0 122.6.61l-104 24A24 24 0 0 0 0 48c0 256.5 207.9 464 464 464a24 24 0 0 0 23.4-18.6l24-104a24.29 24.29 0 0 0-14.01-27.6z\"><\/path><\/svg>\t\t\t<\/span>\n\t\t\t\t\t\t\t\t\t<span class=\"elementor-button-text\">+351 933 992 518<\/span>\n\t\t\t\t\t<\/span>\n\t\t\t\t\t<\/a>\n\t\t\t\t<\/div>\n\t\t\t\t\t\t\t\t<\/div>\n\t\t\t\t<\/div>\n\t\t\t\t<div class=\"elementor-element elementor-element-c1c081a elementor-align-justify elementor-widget__width-inherit elementor-widget elementor-widget-button\" data-id=\"c1c081a\" data-element_type=\"widget\" data-e-type=\"widget\" data-widget_type=\"button.default\">\n\t\t\t\t<div class=\"elementor-widget-container\">\n\t\t\t\t\t\t\t\t\t<div class=\"elementor-button-wrapper\">\n\t\t\t\t\t<a class=\"elementor-button elementor-button-link elementor-size-sm\" href=\"mailto:info@goldoptionrealestate.com\">\n\t\t\t\t\t\t<span class=\"elementor-button-content-wrapper\">\n\t\t\t\t\t\t<span class=\"elementor-button-icon\">\n\t\t\t\t<svg aria-hidden=\"true\" class=\"e-font-icon-svg e-fas-inbox\" viewBox=\"0 0 576 512\" xmlns=\"http:\/\/www.w3.org\/2000\/svg\"><path d=\"M567.938 243.908L462.25 85.374A48.003 48.003 0 0 0 422.311 64H153.689a48 48 0 0 0-39.938 21.374L8.062 243.908A47.994 47.994 0 0 0 0 270.533V400c0 26.51 21.49 48 48 48h480c26.51 0 48-21.49 48-48V270.533a47.994 47.994 0 0 0-8.062-26.625zM162.252 128h251.497l85.333 128H376l-32 64H232l-32-64H76.918l85.334-128z\"><\/path><\/svg>\t\t\t<\/span>\n\t\t\t\t\t\t\t\t\t<span class=\"elementor-button-text\">info@goldoptionrealestate.com<\/span>\n\t\t\t\t\t<\/span>\n\t\t\t\t\t<\/a>\n\t\t\t\t<\/div>\n\t\t\t\t\t\t\t\t<\/div>\n\t\t\t\t<\/div>\n\t\t\t\t<\/div>\n\t\t\t\t\t<\/div>\n\t\t\t\t<\/div>\n\t\t\t\t<\/div>\n\t\t","protected":false},"excerpt":{"rendered":"<p>Entrer dansContacto Besoin de plus d&rsquo;informations ? Contactez-nous ou remplissez le formulaire ci-dessous. Nous vous r\u00e9pondrons dans les plus brefs d\u00e9lais. +351 933 992 518 info@goldoptionrealestate.com<\/p>\n","protected":false},"author":1,"featured_media":0,"parent":0,"menu_order":0,"comment_status":"closed","ping_status":"closed","template":"","meta":{"footnotes":""},"class_list":["post-3121","page","type-page","status-publish","hentry"],"yoast_head":"<!-- This site is optimized with the Yoast SEO plugin v27.2 - https:\/\/yoast.com\/product\/yoast-seo-wordpress\/ -->\n<title>Contacts - GoldOption<\/title>\n<meta name=\"description\" content=\"Besoin de plus d&#039;informations sur l&#039;achat d&#039;une maison en Algarve, l&#039;investissement immobilier au Portugal ou les propri\u00e9t\u00e9s \u00e0 Arma\u00e7\u00e3o de P\u00eara ?\" \/>\n<meta name=\"robots\" content=\"index, follow, max-snippet:-1, max-image-preview:large, max-video-preview:-1\" \/>\n<link rel=\"canonical\" href=\"https:\/\/www.goldoptionrealestate.com\/fr\/contacts\/\" \/>\n<meta property=\"og:locale\" content=\"fr_FR\" \/>\n<meta property=\"og:type\" content=\"article\" \/>\n<meta property=\"og:title\" content=\"Contacts - GoldOption\" \/>\n<meta property=\"og:description\" content=\"Besoin de plus d&#039;informations sur l&#039;achat d&#039;une maison en Algarve, l&#039;investissement immobilier au Portugal ou les propri\u00e9t\u00e9s \u00e0 Arma\u00e7\u00e3o de P\u00eara ?\" \/>\n<meta property=\"og:url\" content=\"https:\/\/www.goldoptionrealestate.com\/fr\/contacts\/\" \/>\n<meta property=\"og:site_name\" content=\"GoldOption\" \/>\n<meta property=\"article:modified_time\" content=\"2025-06-02T14:32:49+00:00\" \/>\n<meta property=\"og:image\" content=\"https:\/\/www.goldoptionrealestate.com\/wp-content\/uploads\/2025\/03\/150826-min-e1741888105485.jpg\" \/>\n\t<meta property=\"og:image:width\" content=\"2000\" \/>\n\t<meta property=\"og:image:height\" content=\"800\" \/>\n\t<meta property=\"og:image:type\" content=\"image\/jpeg\" \/>\n<meta name=\"twitter:card\" content=\"summary_large_image\" \/>\n<meta name=\"twitter:label1\" content=\"Dur\u00e9e de lecture estim\u00e9e\" \/>\n\t<meta name=\"twitter:data1\" content=\"1 minute\" \/>\n<script type=\"application\/ld+json\" class=\"yoast-schema-graph\">{\"@context\":\"https:\/\/schema.org\",\"@graph\":[{\"@type\":\"WebPage\",\"@id\":\"https:\/\/www.goldoptionrealestate.com\/fr\/contacts\/\",\"url\":\"https:\/\/www.goldoptionrealestate.com\/fr\/contacts\/\",\"name\":\"Contacts - GoldOption\",\"isPartOf\":{\"@id\":\"https:\/\/www.goldoptionrealestate.com\/#website\"},\"primaryImageOfPage\":{\"@id\":\"https:\/\/www.goldoptionrealestate.com\/fr\/contacts\/#primaryimage\"},\"image\":{\"@id\":\"https:\/\/www.goldoptionrealestate.com\/fr\/contacts\/#primaryimage\"},\"thumbnailUrl\":\"https:\/\/www.goldoptionrealestate.com\/wp-content\/uploads\/2025\/03\/150826-min-e1741888105485.jpg\",\"datePublished\":\"2025-03-06T14:38:48+00:00\",\"dateModified\":\"2025-06-02T14:32:49+00:00\",\"description\":\"Besoin de plus d'informations sur l'achat d'une maison en Algarve, l'investissement immobilier au Portugal ou les propri\u00e9t\u00e9s \u00e0 Arma\u00e7\u00e3o de P\u00eara ?\",\"breadcrumb\":{\"@id\":\"https:\/\/www.goldoptionrealestate.com\/fr\/contacts\/#breadcrumb\"},\"inLanguage\":\"fr-FR\",\"potentialAction\":[{\"@type\":\"ReadAction\",\"target\":[\"https:\/\/www.goldoptionrealestate.com\/fr\/contacts\/\"]}]},{\"@type\":\"ImageObject\",\"inLanguage\":\"fr-FR\",\"@id\":\"https:\/\/www.goldoptionrealestate.com\/fr\/contacts\/#primaryimage\",\"url\":\"https:\/\/www.goldoptionrealestate.com\/wp-content\/uploads\/2025\/03\/150826-min-e1741888105485.jpg\",\"contentUrl\":\"https:\/\/www.goldoptionrealestate.com\/wp-content\/uploads\/2025\/03\/150826-min-e1741888105485.jpg\"},{\"@type\":\"BreadcrumbList\",\"@id\":\"https:\/\/www.goldoptionrealestate.com\/fr\/contacts\/#breadcrumb\",\"itemListElement\":[{\"@type\":\"ListItem\",\"position\":1,\"name\":\"In\u00edcio\",\"item\":\"https:\/\/www.goldoptionrealestate.com\/\"},{\"@type\":\"ListItem\",\"position\":2,\"name\":\"Contacts\"}]},{\"@type\":\"WebSite\",\"@id\":\"https:\/\/www.goldoptionrealestate.com\/#website\",\"url\":\"https:\/\/www.goldoptionrealestate.com\/\",\"name\":\"GoldOption\",\"description\":\"Real Estate\",\"potentialAction\":[{\"@type\":\"SearchAction\",\"target\":{\"@type\":\"EntryPoint\",\"urlTemplate\":\"https:\/\/www.goldoptionrealestate.com\/?s={search_term_string}\"},\"query-input\":{\"@type\":\"PropertyValueSpecification\",\"valueRequired\":true,\"valueName\":\"search_term_string\"}}],\"inLanguage\":\"fr-FR\"}]}<\/script>\n<!-- \/ Yoast SEO plugin. -->","yoast_head_json":{"title":"Contacts - GoldOption","description":"Besoin de plus d'informations sur l'achat d'une maison en Algarve, l'investissement immobilier au Portugal ou les propri\u00e9t\u00e9s \u00e0 Arma\u00e7\u00e3o de P\u00eara ?","robots":{"index":"index","follow":"follow","max-snippet":"max-snippet:-1","max-image-preview":"max-image-preview:large","max-video-preview":"max-video-preview:-1"},"canonical":"https:\/\/www.goldoptionrealestate.com\/fr\/contacts\/","og_locale":"fr_FR","og_type":"article","og_title":"Contacts - GoldOption","og_description":"Besoin de plus d'informations sur l'achat d'une maison en Algarve, l'investissement immobilier au Portugal ou les propri\u00e9t\u00e9s \u00e0 Arma\u00e7\u00e3o de P\u00eara ?","og_url":"https:\/\/www.goldoptionrealestate.com\/fr\/contacts\/","og_site_name":"GoldOption","article_modified_time":"2025-06-02T14:32:49+00:00","og_image":[{"width":2000,"height":800,"url":"https:\/\/www.goldoptionrealestate.com\/wp-content\/uploads\/2025\/03\/150826-min-e1741888105485.jpg","type":"image\/jpeg"}],"twitter_card":"summary_large_image","twitter_misc":{"Dur\u00e9e de lecture estim\u00e9e":"1 minute"},"schema":{"@context":"https:\/\/schema.org","@graph":[{"@type":"WebPage","@id":"https:\/\/www.goldoptionrealestate.com\/fr\/contacts\/","url":"https:\/\/www.goldoptionrealestate.com\/fr\/contacts\/","name":"Contacts - GoldOption","isPartOf":{"@id":"https:\/\/www.goldoptionrealestate.com\/#website"},"primaryImageOfPage":{"@id":"https:\/\/www.goldoptionrealestate.com\/fr\/contacts\/#primaryimage"},"image":{"@id":"https:\/\/www.goldoptionrealestate.com\/fr\/contacts\/#primaryimage"},"thumbnailUrl":"https:\/\/www.goldoptionrealestate.com\/wp-content\/uploads\/2025\/03\/150826-min-e1741888105485.jpg","datePublished":"2025-03-06T14:38:48+00:00","dateModified":"2025-06-02T14:32:49+00:00","description":"Besoin de plus d'informations sur l'achat d'une maison en Algarve, l'investissement immobilier au Portugal ou les propri\u00e9t\u00e9s \u00e0 Arma\u00e7\u00e3o de P\u00eara ?","breadcrumb":{"@id":"https:\/\/www.goldoptionrealestate.com\/fr\/contacts\/#breadcrumb"},"inLanguage":"fr-FR","potentialAction":[{"@type":"ReadAction","target":["https:\/\/www.goldoptionrealestate.com\/fr\/contacts\/"]}]},{"@type":"ImageObject","inLanguage":"fr-FR","@id":"https:\/\/www.goldoptionrealestate.com\/fr\/contacts\/#primaryimage","url":"https:\/\/www.goldoptionrealestate.com\/wp-content\/uploads\/2025\/03\/150826-min-e1741888105485.jpg","contentUrl":"https:\/\/www.goldoptionrealestate.com\/wp-content\/uploads\/2025\/03\/150826-min-e1741888105485.jpg"},{"@type":"BreadcrumbList","@id":"https:\/\/www.goldoptionrealestate.com\/fr\/contacts\/#breadcrumb","itemListElement":[{"@type":"ListItem","position":1,"name":"In\u00edcio","item":"https:\/\/www.goldoptionrealestate.com\/"},{"@type":"ListItem","position":2,"name":"Contacts"}]},{"@type":"WebSite","@id":"https:\/\/www.goldoptionrealestate.com\/#website","url":"https:\/\/www.goldoptionrealestate.com\/","name":"GoldOption","description":"Real Estate","potentialAction":[{"@type":"SearchAction","target":{"@type":"EntryPoint","urlTemplate":"https:\/\/www.goldoptionrealestate.com\/?s={search_term_string}"},"query-input":{"@type":"PropertyValueSpecification","valueRequired":true,"valueName":"search_term_string"}}],"inLanguage":"fr-FR"}]}},"_links":{"self":[{"href":"https:\/\/www.goldoptionrealestate.com\/fr\/wp-json\/wp\/v2\/pages\/3121","targetHints":{"allow":["GET"]}}],"collection":[{"href":"https:\/\/www.goldoptionrealestate.com\/fr\/wp-json\/wp\/v2\/pages"}],"about":[{"href":"https:\/\/www.goldoptionrealestate.com\/fr\/wp-json\/wp\/v2\/types\/page"}],"author":[{"embeddable":true,"href":"https:\/\/www.goldoptionrealestate.com\/fr\/wp-json\/wp\/v2\/users\/1"}],"replies":[{"embeddable":true,"href":"https:\/\/www.goldoptionrealestate.com\/fr\/wp-json\/wp\/v2\/comments?post=3121"}],"version-history":[{"count":11,"href":"https:\/\/www.goldoptionrealestate.com\/fr\/wp-json\/wp\/v2\/pages\/3121\/revisions"}],"predecessor-version":[{"id":3707,"href":"https:\/\/www.goldoptionrealestate.com\/fr\/wp-json\/wp\/v2\/pages\/3121\/revisions\/3707"}],"wp:attachment":[{"href":"https:\/\/www.goldoptionrealestate.com\/fr\/wp-json\/wp\/v2\/media?parent=3121"}],"curies":[{"name":"wp","href":"https:\/\/api.w.org\/{rel}","templated":true}]}}