{"id":3134,"date":"2025-03-06T14:36:34","date_gmt":"2025-03-06T14:36:34","guid":{"rendered":"https:\/\/www.goldoptionrealestate.com\/media\/"},"modified":"2025-05-13T09:22:27","modified_gmt":"2025-05-13T09:22:27","slug":"media","status":"publish","type":"page","link":"https:\/\/www.goldoptionrealestate.com\/fr\/media\/","title":{"rendered":"Media"},"content":{"rendered":"\t\t<div data-elementor-type=\"wp-page\" data-elementor-id=\"3134\" class=\"elementor elementor-3134 elementor-37\" data-elementor-post-type=\"page\">\n\t\t\t\t<div class=\"elementor-element elementor-element-0e7021d e-con-full e-flex e-con e-parent\" data-id=\"0e7021d\" data-element_type=\"container\" data-e-type=\"container\">\n\t\t<div class=\"elementor-element elementor-element-86b26b2 e-flex e-con-boxed e-con e-child\" data-id=\"86b26b2\" data-element_type=\"container\" data-e-type=\"container\">\n\t\t\t\t\t<div class=\"e-con-inner\">\n\t\t\t\t<div class=\"elementor-element elementor-element-802a621 elementor-invisible elementor-widget elementor-widget-elementskit-heading\" data-id=\"802a621\" data-element_type=\"widget\" data-e-type=\"widget\" data-settings=\"{&quot;_animation&quot;:&quot;fadeInDown&quot;}\" data-widget_type=\"elementskit-heading.default\">\n\t\t\t\t<div class=\"elementor-widget-container\">\n\t\t\t\t\t<div class=\"ekit-wid-con\" ><div class=\"ekit-heading elementskit-section-title-wraper text_center   ekit_heading_tablet-   ekit_heading_mobile-\"><h1 class=\"ekit-heading--title elementskit-section-title \"><span><span>Media<\/span><\/span><\/h1><\/div><\/div>\t\t\t\t<\/div>\n\t\t\t\t<\/div>\n\t\t\t\t\t<\/div>\n\t\t\t\t<\/div>\n\t\t<div class=\"elementor-element elementor-element-c0466cc e-con-full e-flex e-con e-child\" data-id=\"c0466cc\" data-element_type=\"container\" data-e-type=\"container\">\n\t\t\t\t<div class=\"elementor-element elementor-element-7b3def3 elementor-invisible elementor-widget elementor-widget-image\" data-id=\"7b3def3\" data-element_type=\"widget\" data-e-type=\"widget\" data-settings=\"{&quot;_animation&quot;:&quot;fadeIn&quot;}\" data-widget_type=\"image.default\">\n\t\t\t\t<div class=\"elementor-widget-container\">\n\t\t\t\t\t\t\t\t\t\t\t\t\t\t\t<img fetchpriority=\"high\" decoding=\"async\" width=\"2000\" height=\"800\" src=\"https:\/\/www.goldoptionrealestate.com\/wp-content\/uploads\/2025\/03\/150826-min-e1741888105485.jpg\" class=\"attachment-full size-full wp-image-3137\" alt=\"\" srcset=\"https:\/\/www.goldoptionrealestate.com\/wp-content\/uploads\/2025\/03\/150826-min-e1741888105485.jpg 2000w, https:\/\/www.goldoptionrealestate.com\/wp-content\/uploads\/2025\/03\/150826-min-e1741888105485-300x120.jpg 300w, https:\/\/www.goldoptionrealestate.com\/wp-content\/uploads\/2025\/03\/150826-min-e1741888105485-1024x410.jpg 1024w, https:\/\/www.goldoptionrealestate.com\/wp-content\/uploads\/2025\/03\/150826-min-e1741888105485-768x307.jpg 768w, https:\/\/www.goldoptionrealestate.com\/wp-content\/uploads\/2025\/03\/150826-min-e1741888105485-1536x614.jpg 1536w\" sizes=\"(max-width: 2000px) 100vw, 2000px\" \/>\t\t\t\t\t\t\t\t\t\t\t\t\t\t\t<\/div>\n\t\t\t\t<\/div>\n\t\t\t\t<\/div>\n\t\t\t\t<\/div>\n\t\t<div class=\"elementor-element elementor-element-6d6f6dfb e-flex e-con-boxed e-con e-parent\" data-id=\"6d6f6dfb\" data-element_type=\"container\" data-e-type=\"container\">\n\t\t\t\t\t<div class=\"e-con-inner\">\n\t\t\t\t<div class=\"elementor-element elementor-element-17d269e elementor-invisible elementor-widget elementor-widget-elementskit-blog-posts\" data-id=\"17d269e\" data-element_type=\"widget\" data-e-type=\"widget\" data-settings=\"{&quot;_animation&quot;:&quot;fadeInUp&quot;}\" data-widget_type=\"elementskit-blog-posts.default\">\n\t\t\t\t<div class=\"elementor-widget-container\">\n\t\t\t\t\t<div class=\"ekit-wid-con\" >        <div id=\"post-items--17d269e\" class=\"row post-items\">\n                    <div class=\"col-lg-4 col-md-6\">\n\n                                    <div class=\"elementskit-post-image-card\">\n                        <div class=\"elementskit-entry-header\">\n                                                            <a href=\"https:\/\/www.goldoptionrealestate.com\/fr\/les-mensualites-des-prets-immobiliers-baissent-a-nouveau-en-juillet-mais-la-fin-des-baisses-de-taux-dinteret-pourrait-approcher\/\" class=\"elementskit-entry-thumb\">\n                                    <img decoding=\"async\" src=\"https:\/\/www.goldoptionrealestate.com\/wp-content\/uploads\/2025\/07\/modern-luxury-house-with-swimming-pool-scaled.jpg\" alt=\"Les mensualit\u00e9s des pr\u00eats immobiliers baissent \u00e0 nouveau en juillet, mais la fin des baisses de taux d&rsquo;int\u00e9r\u00eat pourrait approcher\">\n                                <\/a><!-- .elementskit-entry-thumb END -->\n                                                            \n                            \n\t\t\t\t\t\t\t\t\t\t\t\t\t<\/div><!-- .elementskit-entry-header END -->\n\n\t\t\t\t\t\t<div class=\"elementskit-post-body \">\n\t\t\t\t\t\t\t\n\t\t\t\t\t\t\t\t\t\t\t\t\t\t\t\t\t\t\t\t\t\t\t\t\t\n\t\t\t\t\t\t\t\t\n\t\t\t\t\t\t\t\t\t\t\t\t\t\t\t\t\t\t\t\t\t<h2 class=\"entry-title\">\n\t\t\t\t\t<a href=\"https:\/\/www.goldoptionrealestate.com\/fr\/les-mensualites-des-prets-immobiliers-baissent-a-nouveau-en-juillet-mais-la-fin-des-baisses-de-taux-dinteret-pourrait-approcher\/\">\n\t\t\t\t\t\tLes mensualit\u00e9s des pr\u00eats immobiliers baissent \u00e0 nouveau\u2026\t\t\t\t\t<\/a>\n\t\t\t\t<\/h2>\n\t\t\t\t\t\t\t\t\t\t\t\t\t\t\t\t\t\t\t\t\t\t\t\t\t\t\t\t\t\t\t\t\t\t\t\t\t\t\t\t\t\t<p>Media Le march\u00e9 de l&rsquo;immobilier de luxe en Algarve : Arma\u00e7\u00e3o de P\u00eara en hausse.\u2026<\/p>\n\t\t\t\t\t\t\t\t\t\t\t\t\t\t\t\t\t\t\t\t\t\t                                                            <div class=\"btn-wraper\">\n                                    \n                                                                            <a class=\"elementskit-btn whitespace--normal\" id=\"\" href=\"https:\/\/www.goldoptionrealestate.com\/fr\/les-mensualites-des-prets-immobiliers-baissent-a-nouveau-en-juillet-mais-la-fin-des-baisses-de-taux-dinteret-pourrait-approcher\/\">\n                                        \t                                            VOIR PLUS                                        <\/a>\n                                                                    <\/div>\n                                                    <\/div><!-- .elementskit-post-body END -->\n                    <\/div>\n                \n            <\/div>\n                    <div class=\"col-lg-4 col-md-6\">\n\n                                    <div class=\"elementskit-post-image-card\">\n                        <div class=\"elementskit-entry-header\">\n                                                            <a href=\"https:\/\/www.goldoptionrealestate.com\/fr\/le-marche-de-limmobilier-de-luxe-en-algarve\/\" class=\"elementskit-entry-thumb\">\n                                    <img decoding=\"async\" src=\"https:\/\/www.goldoptionrealestate.com\/wp-content\/uploads\/2025\/04\/QUARTO.jpg\" alt=\"Le march\u00e9 de l&rsquo;immobilier de luxe en Algarve : Arma\u00e7\u00e3o de P\u00eara en hausse.\">\n                                <\/a><!-- .elementskit-entry-thumb END -->\n                                                            \n                            \n\t\t\t\t\t\t\t\t\t\t\t\t\t<\/div><!-- .elementskit-entry-header END -->\n\n\t\t\t\t\t\t<div class=\"elementskit-post-body \">\n\t\t\t\t\t\t\t\n\t\t\t\t\t\t\t\t\t\t\t\t\t\t\t\t\t\t\t\t\t\t\t\t\t\n\t\t\t\t\t\t\t\t\n\t\t\t\t\t\t\t\t\t\t\t\t\t\t\t\t\t\t\t\t\t<h2 class=\"entry-title\">\n\t\t\t\t\t<a href=\"https:\/\/www.goldoptionrealestate.com\/fr\/le-marche-de-limmobilier-de-luxe-en-algarve\/\">\n\t\t\t\t\t\tLe march\u00e9 de l&rsquo;immobilier de luxe en Algarve\u2026\t\t\t\t\t<\/a>\n\t\t\t\t<\/h2>\n\t\t\t\t\t\t\t\t\t\t\t\t\t\t\t\t\t\t\t\t\t\t\t\t\t\t\t\t\t\t\t\t\t\t\t\t\t\t\t\t\t\t<p>Media Le march\u00e9 de l&rsquo;immobilier de luxe en Algarve : Arma\u00e7\u00e3o de P\u00eara en hausse.\u2026<\/p>\n\t\t\t\t\t\t\t\t\t\t\t\t\t\t\t\t\t\t\t\t\t\t                                                            <div class=\"btn-wraper\">\n                                    \n                                                                            <a class=\"elementskit-btn whitespace--normal\" id=\"\" href=\"https:\/\/www.goldoptionrealestate.com\/fr\/le-marche-de-limmobilier-de-luxe-en-algarve\/\">\n                                        \t                                            VOIR PLUS                                        <\/a>\n                                                                    <\/div>\n                                                    <\/div><!-- .elementskit-post-body END -->\n                    <\/div>\n                \n            <\/div>\n                    <div class=\"col-lg-4 col-md-6\">\n\n                                    <div class=\"elementskit-post-image-card\">\n                        <div class=\"elementskit-entry-header\">\n                                                            <a href=\"https:\/\/www.goldoptionrealestate.com\/fr\/le-portugal-prevoit-une-croissance-immobilier-2025\/\" class=\"elementskit-entry-thumb\">\n                                    <img decoding=\"async\" src=\"https:\/\/www.goldoptionrealestate.com\/wp-content\/uploads\/2025\/04\/104970-1-e1744897559506.jpg\" alt=\"Le Portugal pr\u00e9voit une croissance de 8% du march\u00e9 immobilier en 2025\">\n                                <\/a><!-- .elementskit-entry-thumb END -->\n                                                            \n                            \n\t\t\t\t\t\t\t\t\t\t\t\t\t<\/div><!-- .elementskit-entry-header END -->\n\n\t\t\t\t\t\t<div class=\"elementskit-post-body \">\n\t\t\t\t\t\t\t\n\t\t\t\t\t\t\t\t\t\t\t\t\t\t\t\t\t\t\t\t\t\t\t\t\t\n\t\t\t\t\t\t\t\t\n\t\t\t\t\t\t\t\t\t\t\t\t\t\t\t\t\t\t\t\t\t<h2 class=\"entry-title\">\n\t\t\t\t\t<a href=\"https:\/\/www.goldoptionrealestate.com\/fr\/le-portugal-prevoit-une-croissance-immobilier-2025\/\">\n\t\t\t\t\t\tLe Portugal pr\u00e9voit une croissance de 8% du\u2026\t\t\t\t\t<\/a>\n\t\t\t\t<\/h2>\n\t\t\t\t\t\t\t\t\t\t\t\t\t\t\t\t\t\t\t\t\t\t\t\t\t\t\t\t\t\t\t\t\t\t\t\t\t\t\t\t\t\t<p>Media Portugal pr\u00e9voit une croissance de 8% du march\u00e9 immobilier en 2025 GoldOption Le march\u00e9\u2026<\/p>\n\t\t\t\t\t\t\t\t\t\t\t\t\t\t\t\t\t\t\t\t\t\t                                                            <div class=\"btn-wraper\">\n                                    \n                                                                            <a class=\"elementskit-btn whitespace--normal\" id=\"\" href=\"https:\/\/www.goldoptionrealestate.com\/fr\/le-portugal-prevoit-une-croissance-immobilier-2025\/\">\n                                        \t                                            VOIR PLUS                                        <\/a>\n                                                                    <\/div>\n                                                    <\/div><!-- .elementskit-post-body END -->\n                    <\/div>\n                \n            <\/div>\n                    <div class=\"col-lg-4 col-md-6\">\n\n                                    <div class=\"elementskit-post-image-card\">\n                        <div class=\"elementskit-entry-header\">\n                                                            <a href=\"https:\/\/www.goldoptionrealestate.com\/fr\/goldoption-demarre-activites-limmobilier\/\" class=\"elementskit-entry-thumb\">\n                                    <img decoding=\"async\" src=\"https:\/\/www.goldoptionrealestate.com\/wp-content\/uploads\/2025\/04\/COZINHA-2B.jpg\" alt=\"Goldoption d\u00e9marre ses activit\u00e9s sur le march\u00e9 de l&rsquo;immobilier de luxe au Portugal\">\n                                <\/a><!-- .elementskit-entry-thumb END -->\n                                                            \n                            \n\t\t\t\t\t\t\t\t\t\t\t\t\t<\/div><!-- .elementskit-entry-header END -->\n\n\t\t\t\t\t\t<div class=\"elementskit-post-body \">\n\t\t\t\t\t\t\t\n\t\t\t\t\t\t\t\t\t\t\t\t\t\t\t\t\t\t\t\t\t\t\t\t\t\n\t\t\t\t\t\t\t\t\n\t\t\t\t\t\t\t\t\t\t\t\t\t\t\t\t\t\t\t\t\t<h2 class=\"entry-title\">\n\t\t\t\t\t<a href=\"https:\/\/www.goldoptionrealestate.com\/fr\/goldoption-demarre-activites-limmobilier\/\">\n\t\t\t\t\t\tGoldoption d\u00e9marre ses activit\u00e9s sur le march\u00e9 de\u2026\t\t\t\t\t<\/a>\n\t\t\t\t<\/h2>\n\t\t\t\t\t\t\t\t\t\t\t\t\t\t\t\t\t\t\t\t\t\t\t\t\t\t\t\t\t\t\t\t\t\t\t\t\t\t\t\t\t\t<p>Media Goldoption d\u00e9marre ses activit\u00e9s sur le march\u00e9de l&rsquo;immobilier de luxe au Portugal GoldOption Arma\u00e7\u00e3o\u2026<\/p>\n\t\t\t\t\t\t\t\t\t\t\t\t\t\t\t\t\t\t\t\t\t\t                                                            <div class=\"btn-wraper\">\n                                    \n                                                                            <a class=\"elementskit-btn whitespace--normal\" id=\"\" href=\"https:\/\/www.goldoptionrealestate.com\/fr\/goldoption-demarre-activites-limmobilier\/\">\n                                        \t                                            VOIR PLUS                                        <\/a>\n                                                                    <\/div>\n                                                    <\/div><!-- .elementskit-post-body END -->\n                    <\/div>\n                \n            <\/div>\n                <\/div>\n       <\/div>\t\t\t\t<\/div>\n\t\t\t\t<\/div>\n\t\t\t\t\t<\/div>\n\t\t\t\t<\/div>\n\t\t\t\t<\/div>\n\t\t","protected":false},"excerpt":{"rendered":"<p>Media Mercado Imobili\u00e1rio de Luxo no Algarve: Arma\u00e7\u00e3o de&hellip; Media Mercado Imobili\u00e1rio de Luxo no Algarve: Arma\u00e7\u00e3o de P\u00eara em Ascens\u00e3o GoldOption O mercado&hellip; VOIR PLUS Portugal prev\u00ea crescimento de 8% no mercado imobili\u00e1rio&hellip; Media Portugal prev\u00ea crescimento de 8% no mercado imobili\u00e1rio em 2025 GoldOption O mercado imobili\u00e1rio&hellip; VOIR PLUS Goldoption Inicia Opera\u00e7\u00f5es no [&hellip;]<\/p>\n","protected":false},"author":1,"featured_media":0,"parent":0,"menu_order":0,"comment_status":"closed","ping_status":"closed","template":"","meta":{"footnotes":""},"class_list":["post-3134","page","type-page","status-publish","hentry"],"yoast_head":"<!-- This site is optimized with the Yoast SEO plugin v27.2 - https:\/\/yoast.com\/product\/yoast-seo-wordpress\/ -->\n<title>Media - GoldOption<\/title>\n<meta name=\"description\" content=\"Restez inform\u00e9 des derni\u00e8res actualit\u00e9s et tendances du march\u00e9 immobilier en Algarve et dans le monde, avec un aper\u00e7u des prix et...\" \/>\n<meta name=\"robots\" content=\"index, follow, max-snippet:-1, max-image-preview:large, max-video-preview:-1\" \/>\n<link rel=\"canonical\" href=\"https:\/\/www.goldoptionrealestate.com\/fr\/media\/\" \/>\n<meta property=\"og:locale\" content=\"fr_FR\" \/>\n<meta property=\"og:type\" content=\"article\" \/>\n<meta property=\"og:title\" content=\"Media - GoldOption\" \/>\n<meta property=\"og:description\" content=\"Restez inform\u00e9 des derni\u00e8res actualit\u00e9s et tendances du march\u00e9 immobilier en Algarve et dans le monde, avec un aper\u00e7u des prix et...\" \/>\n<meta property=\"og:url\" content=\"https:\/\/www.goldoptionrealestate.com\/fr\/media\/\" \/>\n<meta property=\"og:site_name\" content=\"GoldOption\" \/>\n<meta property=\"article:modified_time\" content=\"2025-05-13T09:22:27+00:00\" \/>\n<meta property=\"og:image\" content=\"https:\/\/www.goldoptionrealestate.com\/wp-content\/uploads\/2025\/03\/150826-min-e1741888105485.jpg\" \/>\n<meta name=\"twitter:card\" content=\"summary_large_image\" \/>\n<meta name=\"twitter:label1\" content=\"Dur\u00e9e de lecture estim\u00e9e\" \/>\n\t<meta name=\"twitter:data1\" content=\"2 minutes\" \/>\n<script type=\"application\/ld+json\" class=\"yoast-schema-graph\">{\"@context\":\"https:\/\/schema.org\",\"@graph\":[{\"@type\":\"WebPage\",\"@id\":\"https:\/\/www.goldoptionrealestate.com\/fr\/media\/\",\"url\":\"https:\/\/www.goldoptionrealestate.com\/fr\/media\/\",\"name\":\"Media - GoldOption\",\"isPartOf\":{\"@id\":\"https:\/\/www.goldoptionrealestate.com\/#website\"},\"primaryImageOfPage\":{\"@id\":\"https:\/\/www.goldoptionrealestate.com\/fr\/media\/#primaryimage\"},\"image\":{\"@id\":\"https:\/\/www.goldoptionrealestate.com\/fr\/media\/#primaryimage\"},\"thumbnailUrl\":\"https:\/\/www.goldoptionrealestate.com\/wp-content\/uploads\/2025\/03\/150826-min-e1741888105485.jpg\",\"datePublished\":\"2025-03-06T14:36:34+00:00\",\"dateModified\":\"2025-05-13T09:22:27+00:00\",\"description\":\"Restez inform\u00e9 des derni\u00e8res actualit\u00e9s et tendances du march\u00e9 immobilier en Algarve et dans le monde, avec un aper\u00e7u des prix et...\",\"breadcrumb\":{\"@id\":\"https:\/\/www.goldoptionrealestate.com\/fr\/media\/#breadcrumb\"},\"inLanguage\":\"fr-FR\",\"potentialAction\":[{\"@type\":\"ReadAction\",\"target\":[\"https:\/\/www.goldoptionrealestate.com\/fr\/media\/\"]}]},{\"@type\":\"ImageObject\",\"inLanguage\":\"fr-FR\",\"@id\":\"https:\/\/www.goldoptionrealestate.com\/fr\/media\/#primaryimage\",\"url\":\"https:\/\/www.goldoptionrealestate.com\/wp-content\/uploads\/2025\/03\/150826-min-e1741888105485.jpg\",\"contentUrl\":\"https:\/\/www.goldoptionrealestate.com\/wp-content\/uploads\/2025\/03\/150826-min-e1741888105485.jpg\"},{\"@type\":\"BreadcrumbList\",\"@id\":\"https:\/\/www.goldoptionrealestate.com\/fr\/media\/#breadcrumb\",\"itemListElement\":[{\"@type\":\"ListItem\",\"position\":1,\"name\":\"In\u00edcio\",\"item\":\"https:\/\/www.goldoptionrealestate.com\/\"},{\"@type\":\"ListItem\",\"position\":2,\"name\":\"Media\"}]},{\"@type\":\"WebSite\",\"@id\":\"https:\/\/www.goldoptionrealestate.com\/#website\",\"url\":\"https:\/\/www.goldoptionrealestate.com\/\",\"name\":\"GoldOption\",\"description\":\"Real Estate\",\"potentialAction\":[{\"@type\":\"SearchAction\",\"target\":{\"@type\":\"EntryPoint\",\"urlTemplate\":\"https:\/\/www.goldoptionrealestate.com\/?s={search_term_string}\"},\"query-input\":{\"@type\":\"PropertyValueSpecification\",\"valueRequired\":true,\"valueName\":\"search_term_string\"}}],\"inLanguage\":\"fr-FR\"}]}<\/script>\n<!-- \/ Yoast SEO plugin. -->","yoast_head_json":{"title":"Media - GoldOption","description":"Restez inform\u00e9 des derni\u00e8res actualit\u00e9s et tendances du march\u00e9 immobilier en Algarve et dans le monde, avec un aper\u00e7u des prix et...","robots":{"index":"index","follow":"follow","max-snippet":"max-snippet:-1","max-image-preview":"max-image-preview:large","max-video-preview":"max-video-preview:-1"},"canonical":"https:\/\/www.goldoptionrealestate.com\/fr\/media\/","og_locale":"fr_FR","og_type":"article","og_title":"Media - GoldOption","og_description":"Restez inform\u00e9 des derni\u00e8res actualit\u00e9s et tendances du march\u00e9 immobilier en Algarve et dans le monde, avec un aper\u00e7u des prix et...","og_url":"https:\/\/www.goldoptionrealestate.com\/fr\/media\/","og_site_name":"GoldOption","article_modified_time":"2025-05-13T09:22:27+00:00","og_image":[{"url":"https:\/\/www.goldoptionrealestate.com\/wp-content\/uploads\/2025\/03\/150826-min-e1741888105485.jpg","type":"","width":"","height":""}],"twitter_card":"summary_large_image","twitter_misc":{"Dur\u00e9e de lecture estim\u00e9e":"2 minutes"},"schema":{"@context":"https:\/\/schema.org","@graph":[{"@type":"WebPage","@id":"https:\/\/www.goldoptionrealestate.com\/fr\/media\/","url":"https:\/\/www.goldoptionrealestate.com\/fr\/media\/","name":"Media - GoldOption","isPartOf":{"@id":"https:\/\/www.goldoptionrealestate.com\/#website"},"primaryImageOfPage":{"@id":"https:\/\/www.goldoptionrealestate.com\/fr\/media\/#primaryimage"},"image":{"@id":"https:\/\/www.goldoptionrealestate.com\/fr\/media\/#primaryimage"},"thumbnailUrl":"https:\/\/www.goldoptionrealestate.com\/wp-content\/uploads\/2025\/03\/150826-min-e1741888105485.jpg","datePublished":"2025-03-06T14:36:34+00:00","dateModified":"2025-05-13T09:22:27+00:00","description":"Restez inform\u00e9 des derni\u00e8res actualit\u00e9s et tendances du march\u00e9 immobilier en Algarve et dans le monde, avec un aper\u00e7u des prix et...","breadcrumb":{"@id":"https:\/\/www.goldoptionrealestate.com\/fr\/media\/#breadcrumb"},"inLanguage":"fr-FR","potentialAction":[{"@type":"ReadAction","target":["https:\/\/www.goldoptionrealestate.com\/fr\/media\/"]}]},{"@type":"ImageObject","inLanguage":"fr-FR","@id":"https:\/\/www.goldoptionrealestate.com\/fr\/media\/#primaryimage","url":"https:\/\/www.goldoptionrealestate.com\/wp-content\/uploads\/2025\/03\/150826-min-e1741888105485.jpg","contentUrl":"https:\/\/www.goldoptionrealestate.com\/wp-content\/uploads\/2025\/03\/150826-min-e1741888105485.jpg"},{"@type":"BreadcrumbList","@id":"https:\/\/www.goldoptionrealestate.com\/fr\/media\/#breadcrumb","itemListElement":[{"@type":"ListItem","position":1,"name":"In\u00edcio","item":"https:\/\/www.goldoptionrealestate.com\/"},{"@type":"ListItem","position":2,"name":"Media"}]},{"@type":"WebSite","@id":"https:\/\/www.goldoptionrealestate.com\/#website","url":"https:\/\/www.goldoptionrealestate.com\/","name":"GoldOption","description":"Real Estate","potentialAction":[{"@type":"SearchAction","target":{"@type":"EntryPoint","urlTemplate":"https:\/\/www.goldoptionrealestate.com\/?s={search_term_string}"},"query-input":{"@type":"PropertyValueSpecification","valueRequired":true,"valueName":"search_term_string"}}],"inLanguage":"fr-FR"}]}},"_links":{"self":[{"href":"https:\/\/www.goldoptionrealestate.com\/fr\/wp-json\/wp\/v2\/pages\/3134","targetHints":{"allow":["GET"]}}],"collection":[{"href":"https:\/\/www.goldoptionrealestate.com\/fr\/wp-json\/wp\/v2\/pages"}],"about":[{"href":"https:\/\/www.goldoptionrealestate.com\/fr\/wp-json\/wp\/v2\/types\/page"}],"author":[{"embeddable":true,"href":"https:\/\/www.goldoptionrealestate.com\/fr\/wp-json\/wp\/v2\/users\/1"}],"replies":[{"embeddable":true,"href":"https:\/\/www.goldoptionrealestate.com\/fr\/wp-json\/wp\/v2\/comments?post=3134"}],"version-history":[{"count":2,"href":"https:\/\/www.goldoptionrealestate.com\/fr\/wp-json\/wp\/v2\/pages\/3134\/revisions"}],"predecessor-version":[{"id":3572,"href":"https:\/\/www.goldoptionrealestate.com\/fr\/wp-json\/wp\/v2\/pages\/3134\/revisions\/3572"}],"wp:attachment":[{"href":"https:\/\/www.goldoptionrealestate.com\/fr\/wp-json\/wp\/v2\/media?parent=3134"}],"curies":[{"name":"wp","href":"https:\/\/api.w.org\/{rel}","templated":true}]}}