{"id":3136,"date":"2025-03-06T14:36:04","date_gmt":"2025-03-06T14:36:04","guid":{"rendered":"https:\/\/www.goldoptionrealestate.com\/projets\/"},"modified":"2025-05-13T09:43:07","modified_gmt":"2025-05-13T09:43:07","slug":"projets","status":"publish","type":"page","link":"https:\/\/www.goldoptionrealestate.com\/fr\/projets\/","title":{"rendered":"Projets"},"content":{"rendered":"\t\t<div data-elementor-type=\"wp-page\" data-elementor-id=\"3136\" class=\"elementor elementor-3136 elementor-35\" data-elementor-post-type=\"page\">\n\t\t\t\t<div class=\"elementor-element elementor-element-134e685 e-con-full e-flex e-con e-parent\" data-id=\"134e685\" data-element_type=\"container\" data-e-type=\"container\">\n\t\t<div class=\"elementor-element elementor-element-225f0ec e-con-full e-flex e-con e-child\" data-id=\"225f0ec\" data-element_type=\"container\" data-e-type=\"container\">\n\t\t\t\t<div class=\"elementor-element elementor-element-bc1de8d elementor-invisible elementor-widget elementor-widget-image\" data-id=\"bc1de8d\" data-element_type=\"widget\" data-e-type=\"widget\" data-settings=\"{&quot;_animation&quot;:&quot;fadeIn&quot;}\" data-widget_type=\"image.default\">\n\t\t\t\t<div class=\"elementor-widget-container\">\n\t\t\t\t\t\t\t\t\t\t\t\t\t\t\t<img fetchpriority=\"high\" decoding=\"async\" width=\"2000\" height=\"800\" src=\"https:\/\/www.goldoptionrealestate.com\/wp-content\/uploads\/2025\/03\/150826-min-e1741888105485.jpg\" class=\"attachment-full size-full wp-image-3137\" alt=\"\" srcset=\"https:\/\/www.goldoptionrealestate.com\/wp-content\/uploads\/2025\/03\/150826-min-e1741888105485.jpg 2000w, https:\/\/www.goldoptionrealestate.com\/wp-content\/uploads\/2025\/03\/150826-min-e1741888105485-300x120.jpg 300w, https:\/\/www.goldoptionrealestate.com\/wp-content\/uploads\/2025\/03\/150826-min-e1741888105485-1024x410.jpg 1024w, https:\/\/www.goldoptionrealestate.com\/wp-content\/uploads\/2025\/03\/150826-min-e1741888105485-768x307.jpg 768w, https:\/\/www.goldoptionrealestate.com\/wp-content\/uploads\/2025\/03\/150826-min-e1741888105485-1536x614.jpg 1536w\" sizes=\"(max-width: 2000px) 100vw, 2000px\" \/>\t\t\t\t\t\t\t\t\t\t\t\t\t\t\t<\/div>\n\t\t\t\t<\/div>\n\t\t\t\t<\/div>\n\t\t\t\t<\/div>\n\t\t<div class=\"elementor-element elementor-element-6202ed4f e-flex e-con-boxed e-con e-parent\" data-id=\"6202ed4f\" data-element_type=\"container\" data-e-type=\"container\">\n\t\t\t\t\t<div class=\"e-con-inner\">\n\t\t<div class=\"elementor-element elementor-element-7f991772 e-con-full e-flex e-con e-child\" data-id=\"7f991772\" data-element_type=\"container\" data-e-type=\"container\">\n\t\t<div class=\"elementor-element elementor-element-5fce8485 e-con-full e-flex e-con e-child\" data-id=\"5fce8485\" data-element_type=\"container\" data-e-type=\"container\">\n\t\t\t\t<div class=\"elementor-element elementor-element-ff9edbf elementor-icon-list--layout-traditional elementor-list-item-link-full_width elementor-invisible elementor-widget elementor-widget-icon-list\" data-id=\"ff9edbf\" data-element_type=\"widget\" data-e-type=\"widget\" data-settings=\"{&quot;_animation&quot;:&quot;fadeInUp&quot;}\" data-widget_type=\"icon-list.default\">\n\t\t\t\t<div class=\"elementor-widget-container\">\n\t\t\t\t\t\t\t<ul class=\"elementor-icon-list-items\">\n\t\t\t\t\t\t\t<li class=\"elementor-icon-list-item\">\n\t\t\t\t\t\t\t\t\t\t\t<span class=\"elementor-icon-list-icon\">\n\t\t\t\t\t\t\t<i aria-hidden=\"true\" class=\"icon icon-minus\"><\/i>\t\t\t\t\t\t<\/span>\n\t\t\t\t\t\t\t\t\t\t<span class=\"elementor-icon-list-text\">Projets<\/span>\n\t\t\t\t\t\t\t\t\t<\/li>\n\t\t\t\t\t\t<\/ul>\n\t\t\t\t\t\t<\/div>\n\t\t\t\t<\/div>\n\t\t\t\t<\/div>\n\t\t<div class=\"elementor-element elementor-element-58e10eeb e-con-full e-flex e-con e-child\" data-id=\"58e10eeb\" data-element_type=\"container\" data-e-type=\"container\">\n\t\t\t\t<div class=\"elementor-element elementor-element-6ccaeab4 elementor-invisible elementor-widget elementor-widget-elementskit-heading\" data-id=\"6ccaeab4\" data-element_type=\"widget\" data-e-type=\"widget\" data-settings=\"{&quot;_animation&quot;:&quot;fadeInUp&quot;}\" data-widget_type=\"elementskit-heading.default\">\n\t\t\t\t<div class=\"elementor-widget-container\">\n\t\t\t\t\t<div class=\"ekit-wid-con\" ><div class=\"ekit-heading elementskit-section-title-wraper text_left   ekit_heading_tablet-   ekit_heading_mobile-\"><h2 class=\"ekit-heading--title elementskit-section-title \"><span><span>D\u00e9couvrez<\/span><\/span> les projets qui refl\u00e8tent notre <span><span>vision<\/span><\/span> <\/h2><\/div><\/div>\t\t\t\t<\/div>\n\t\t\t\t<\/div>\n\t\t\t\t<div class=\"elementor-element elementor-element-8aee97b elementor-mobile-align-justify elementor-widget elementor-widget-button\" data-id=\"8aee97b\" data-element_type=\"widget\" data-e-type=\"widget\" data-settings=\"{&quot;_animation&quot;:&quot;none&quot;}\" data-widget_type=\"button.default\">\n\t\t\t\t<div class=\"elementor-widget-container\">\n\t\t\t\t\t\t\t\t\t<div class=\"elementor-button-wrapper\">\n\t\t\t\t\t<a class=\"elementor-button elementor-button-link elementor-size-sm\" href=\"https:\/\/www.goldoptionrealestate.com\/fr\/contacts\/\">\n\t\t\t\t\t\t<span class=\"elementor-button-content-wrapper\">\n\t\t\t\t\t\t\t\t\t<span class=\"elementor-button-text\">Contactez-nous<\/span>\n\t\t\t\t\t<\/span>\n\t\t\t\t\t<\/a>\n\t\t\t\t<\/div>\n\t\t\t\t\t\t\t\t<\/div>\n\t\t\t\t<\/div>\n\t\t\t\t<div class=\"elementor-element elementor-element-e1091bc elementor-widget elementor-widget-html\" data-id=\"e1091bc\" data-element_type=\"widget\" data-e-type=\"widget\" data-widget_type=\"html.default\">\n\t\t\t\t<div class=\"elementor-widget-container\">\n\t\t\t\t\t<script src=\"https:\/\/code.jquery.com\/jquery-3.6.0.min.js\"><\/script><script>var $ = jQuery\r\n$(document).ready(function(){\r\n    \r\n$('.elementor-section[link], .elementor-column[link] > .elementor-widget-wrap, .e-con[link], .e-container[link]').on('click', function(){\r\n    \r\n    var $this = $(this).hasClass('elementor-widget-wrap') ? $(this).parent() : $(this),\r\n    link = $this.attr('link'),\r\n    newtab = $this.attr('newtab'),\r\n    openIn = typeof newtab !== 'undefined' && newtab !== false ? '_blank' : '_self'\r\n    \r\n    window.open(link, openIn)\r\n})\r\n})\r\n<\/script><style>.elementor-section[link], .elementor-column[link] > .elementor-widget-wrap, .e-con[link], .e-container[link] {\r\n    cursor: pointer;\r\n}\r\n<\/style>\t\t\t\t<\/div>\n\t\t\t\t<\/div>\n\t\t\t\t<\/div>\n\t\t\t\t<\/div>\n\t\t\t\t\t<\/div>\n\t\t\t\t<\/div>\n\t\t<div class=\"elementor-element elementor-element-9cb54e8 e-con-full e-flex e-con e-child\" data-id=\"9cb54e8\" data-element_type=\"container\" data-e-type=\"container\">\n\t\t<div class=\"elementor-element elementor-element-4b1dc2b e-con-full e-flex elementor-invisible e-con e-child\" data-id=\"4b1dc2b\" data-element_type=\"container\" data-e-type=\"container\" data-settings=\"{&quot;animation&quot;:&quot;fadeInUp&quot;}\" link=\"https:\/\/www.goldoptionrealestate.com\/fr\/projets\/olival8\/\">\n\t\t\t\t<div class=\"elementor-element elementor-element-a6ba26e elementor-widget elementor-widget-image\" data-id=\"a6ba26e\" data-element_type=\"widget\" data-e-type=\"widget\" data-widget_type=\"image.default\">\n\t\t\t\t<div class=\"elementor-widget-container\">\n\t\t\t\t\t\t\t\t\t\t\t\t\t\t\t<img decoding=\"async\" width=\"600\" height=\"750\" src=\"https:\/\/www.goldoptionrealestate.com\/wp-content\/uploads\/2025\/04\/ENTRADA-1-e1744819745963.jpg\" class=\"attachment-full size-full wp-image-3129\" alt=\"\" srcset=\"https:\/\/www.goldoptionrealestate.com\/wp-content\/uploads\/2025\/04\/ENTRADA-1-e1744819745963.jpg 600w, https:\/\/www.goldoptionrealestate.com\/wp-content\/uploads\/2025\/04\/ENTRADA-1-e1744819745963-240x300.jpg 240w\" sizes=\"(max-width: 600px) 100vw, 600px\" \/>\t\t\t\t\t\t\t\t\t\t\t\t\t\t\t<\/div>\n\t\t\t\t<\/div>\n\t\t<div class=\"elementor-element elementor-element-29a71f8 e-flex e-con-boxed e-con e-child\" data-id=\"29a71f8\" data-element_type=\"container\" data-e-type=\"container\">\n\t\t\t\t\t<div class=\"e-con-inner\">\n\t\t\t\t<div class=\"elementor-element elementor-element-c2aeea9 elementor-widget elementor-widget-heading\" data-id=\"c2aeea9\" data-element_type=\"widget\" data-e-type=\"widget\" data-widget_type=\"heading.default\">\n\t\t\t\t<div class=\"elementor-widget-container\">\n\t\t\t\t\t<h6 class=\"elementor-heading-title elementor-size-default\">Logement<\/h6>\t\t\t\t<\/div>\n\t\t\t\t<\/div>\n\t\t\t\t<div class=\"elementor-element elementor-element-5ed46d6 elementor-widget elementor-widget-heading\" data-id=\"5ed46d6\" data-element_type=\"widget\" data-e-type=\"widget\" data-widget_type=\"heading.default\">\n\t\t\t\t<div class=\"elementor-widget-container\">\n\t\t\t\t\t<h5 class=\"elementor-heading-title elementor-size-default\">Olival8<\/h5>\t\t\t\t<\/div>\n\t\t\t\t<\/div>\n\t\t\t\t<div class=\"elementor-element elementor-element-3af6cb4 elementor-icon-list--layout-inline elementor-list-item-link-full_width elementor-widget elementor-widget-icon-list\" data-id=\"3af6cb4\" data-element_type=\"widget\" data-e-type=\"widget\" data-widget_type=\"icon-list.default\">\n\t\t\t\t<div class=\"elementor-widget-container\">\n\t\t\t\t\t\t\t<ul class=\"elementor-icon-list-items elementor-inline-items\">\n\t\t\t\t\t\t\t<li class=\"elementor-icon-list-item elementor-inline-item\">\n\t\t\t\t\t\t\t\t\t\t\t<span class=\"elementor-icon-list-icon\">\n\t\t\t\t\t\t\t<i aria-hidden=\"true\" class=\"icon icon-apartment1\"><\/i>\t\t\t\t\t\t<\/span>\n\t\t\t\t\t\t\t\t\t\t<span class=\"elementor-icon-list-text\">Algarve<\/span>\n\t\t\t\t\t\t\t\t\t<\/li>\n\t\t\t\t\t\t\t\t<li class=\"elementor-icon-list-item elementor-inline-item\">\n\t\t\t\t\t\t\t\t\t\t\t<span class=\"elementor-icon-list-icon\">\n\t\t\t\t\t\t\t<i aria-hidden=\"true\" class=\"icon icon-calendar-full\"><\/i>\t\t\t\t\t\t<\/span>\n\t\t\t\t\t\t\t\t\t\t<span class=\"elementor-icon-list-text\">2025<\/span>\n\t\t\t\t\t\t\t\t\t<\/li>\n\t\t\t\t\t\t<\/ul>\n\t\t\t\t\t\t<\/div>\n\t\t\t\t<\/div>\n\t\t\t\t\t<\/div>\n\t\t\t\t<\/div>\n\t\t\t\t<\/div>\n\t\t<div class=\"elementor-element elementor-element-4b06ac5 e-con-full e-flex elementor-invisible e-con e-child\" data-id=\"4b06ac5\" data-element_type=\"container\" data-e-type=\"container\" data-settings=\"{&quot;animation&quot;:&quot;fadeInUp&quot;}\" link=\"https:\/\/www.goldoptionrealestate.com\/fr\/projets\/viamar11\/\">\n\t\t\t\t<div class=\"elementor-element elementor-element-070b0ee e-transform elementor-widget elementor-widget-image\" data-id=\"070b0ee\" data-element_type=\"widget\" data-e-type=\"widget\" data-settings=\"{&quot;_transform_translateX_effect&quot;:{&quot;unit&quot;:&quot;px&quot;,&quot;size&quot;:&quot;&quot;,&quot;sizes&quot;:[]},&quot;_transform_translateX_effect_widescreen&quot;:{&quot;unit&quot;:&quot;px&quot;,&quot;size&quot;:&quot;&quot;,&quot;sizes&quot;:[]},&quot;_transform_translateX_effect_tablet&quot;:{&quot;unit&quot;:&quot;px&quot;,&quot;size&quot;:&quot;&quot;,&quot;sizes&quot;:[]},&quot;_transform_translateX_effect_mobile&quot;:{&quot;unit&quot;:&quot;px&quot;,&quot;size&quot;:&quot;&quot;,&quot;sizes&quot;:[]},&quot;_transform_translateY_effect&quot;:{&quot;unit&quot;:&quot;px&quot;,&quot;size&quot;:&quot;&quot;,&quot;sizes&quot;:[]},&quot;_transform_translateY_effect_widescreen&quot;:{&quot;unit&quot;:&quot;px&quot;,&quot;size&quot;:&quot;&quot;,&quot;sizes&quot;:[]},&quot;_transform_translateY_effect_tablet&quot;:{&quot;unit&quot;:&quot;px&quot;,&quot;size&quot;:&quot;&quot;,&quot;sizes&quot;:[]},&quot;_transform_translateY_effect_mobile&quot;:{&quot;unit&quot;:&quot;px&quot;,&quot;size&quot;:&quot;&quot;,&quot;sizes&quot;:[]}}\" data-widget_type=\"image.default\">\n\t\t\t\t<div class=\"elementor-widget-container\">\n\t\t\t\t\t\t\t\t\t\t\t\t\t\t\t<img decoding=\"async\" width=\"600\" height=\"750\" src=\"https:\/\/www.goldoptionrealestate.com\/wp-content\/uploads\/2025\/04\/IMAGEM-004-scaled-e1744883106870.png\" class=\"attachment-full size-full wp-image-3176\" alt=\"\" srcset=\"https:\/\/www.goldoptionrealestate.com\/wp-content\/uploads\/2025\/04\/IMAGEM-004-scaled-e1744883106870.png 600w, https:\/\/www.goldoptionrealestate.com\/wp-content\/uploads\/2025\/04\/IMAGEM-004-scaled-e1744883106870-240x300.png 240w\" sizes=\"(max-width: 600px) 100vw, 600px\" \/>\t\t\t\t\t\t\t\t\t\t\t\t\t\t\t<\/div>\n\t\t\t\t<\/div>\n\t\t<div class=\"elementor-element elementor-element-d6eee13 e-flex e-con-boxed e-con e-child\" data-id=\"d6eee13\" data-element_type=\"container\" data-e-type=\"container\">\n\t\t\t\t\t<div class=\"e-con-inner\">\n\t\t\t\t<div class=\"elementor-element elementor-element-ee8e287 elementor-widget elementor-widget-heading\" data-id=\"ee8e287\" data-element_type=\"widget\" data-e-type=\"widget\" data-widget_type=\"heading.default\">\n\t\t\t\t<div class=\"elementor-widget-container\">\n\t\t\t\t\t<h6 class=\"elementor-heading-title elementor-size-default\">Appartements<\/h6>\t\t\t\t<\/div>\n\t\t\t\t<\/div>\n\t\t\t\t<div class=\"elementor-element elementor-element-7485ca9 elementor-widget elementor-widget-heading\" data-id=\"7485ca9\" data-element_type=\"widget\" data-e-type=\"widget\" data-widget_type=\"heading.default\">\n\t\t\t\t<div class=\"elementor-widget-container\">\n\t\t\t\t\t<h5 class=\"elementor-heading-title elementor-size-default\">ViaMar11<\/h5>\t\t\t\t<\/div>\n\t\t\t\t<\/div>\n\t\t\t\t<div class=\"elementor-element elementor-element-6d5999e elementor-icon-list--layout-inline elementor-list-item-link-full_width elementor-widget elementor-widget-icon-list\" data-id=\"6d5999e\" data-element_type=\"widget\" data-e-type=\"widget\" data-widget_type=\"icon-list.default\">\n\t\t\t\t<div class=\"elementor-widget-container\">\n\t\t\t\t\t\t\t<ul class=\"elementor-icon-list-items elementor-inline-items\">\n\t\t\t\t\t\t\t<li class=\"elementor-icon-list-item elementor-inline-item\">\n\t\t\t\t\t\t\t\t\t\t\t<span class=\"elementor-icon-list-icon\">\n\t\t\t\t\t\t\t<i aria-hidden=\"true\" class=\"icon icon-apartment1\"><\/i>\t\t\t\t\t\t<\/span>\n\t\t\t\t\t\t\t\t\t\t<span class=\"elementor-icon-list-text\">Algarve<\/span>\n\t\t\t\t\t\t\t\t\t<\/li>\n\t\t\t\t\t\t\t\t<li class=\"elementor-icon-list-item elementor-inline-item\">\n\t\t\t\t\t\t\t\t\t\t\t<span class=\"elementor-icon-list-icon\">\n\t\t\t\t\t\t\t<i aria-hidden=\"true\" class=\"icon icon-calendar-full\"><\/i>\t\t\t\t\t\t<\/span>\n\t\t\t\t\t\t\t\t\t\t<span class=\"elementor-icon-list-text\">2025<\/span>\n\t\t\t\t\t\t\t\t\t<\/li>\n\t\t\t\t\t\t<\/ul>\n\t\t\t\t\t\t<\/div>\n\t\t\t\t<\/div>\n\t\t\t\t\t<\/div>\n\t\t\t\t<\/div>\n\t\t\t\t<\/div>\n\t\t<div class=\"elementor-element elementor-element-e0ede5f e-con-full e-flex elementor-invisible e-con e-child\" data-id=\"e0ede5f\" data-element_type=\"container\" data-e-type=\"container\" data-settings=\"{&quot;animation&quot;:&quot;fadeInUp&quot;}\">\n\t\t\t\t<div class=\"elementor-element elementor-element-415cf59 e-transform elementor-widget elementor-widget-image\" data-id=\"415cf59\" data-element_type=\"widget\" data-e-type=\"widget\" data-settings=\"{&quot;_transform_translateX_effect&quot;:{&quot;unit&quot;:&quot;px&quot;,&quot;size&quot;:&quot;&quot;,&quot;sizes&quot;:[]},&quot;_transform_translateX_effect_widescreen&quot;:{&quot;unit&quot;:&quot;px&quot;,&quot;size&quot;:&quot;&quot;,&quot;sizes&quot;:[]},&quot;_transform_translateX_effect_tablet&quot;:{&quot;unit&quot;:&quot;px&quot;,&quot;size&quot;:&quot;&quot;,&quot;sizes&quot;:[]},&quot;_transform_translateX_effect_mobile&quot;:{&quot;unit&quot;:&quot;px&quot;,&quot;size&quot;:&quot;&quot;,&quot;sizes&quot;:[]},&quot;_transform_translateY_effect&quot;:{&quot;unit&quot;:&quot;px&quot;,&quot;size&quot;:&quot;&quot;,&quot;sizes&quot;:[]},&quot;_transform_translateY_effect_widescreen&quot;:{&quot;unit&quot;:&quot;px&quot;,&quot;size&quot;:&quot;&quot;,&quot;sizes&quot;:[]},&quot;_transform_translateY_effect_tablet&quot;:{&quot;unit&quot;:&quot;px&quot;,&quot;size&quot;:&quot;&quot;,&quot;sizes&quot;:[]},&quot;_transform_translateY_effect_mobile&quot;:{&quot;unit&quot;:&quot;px&quot;,&quot;size&quot;:&quot;&quot;,&quot;sizes&quot;:[]}}\" data-widget_type=\"image.default\">\n\t\t\t\t<div class=\"elementor-widget-container\">\n\t\t\t\t\t\t\t\t\t\t\t\t\t\t\t<img loading=\"lazy\" decoding=\"async\" width=\"600\" height=\"750\" src=\"https:\/\/www.goldoptionrealestate.com\/wp-content\/uploads\/2025\/03\/3251-min-e1741731338524.jpg\" class=\"attachment-full size-full wp-image-3125\" alt=\"\" srcset=\"https:\/\/www.goldoptionrealestate.com\/wp-content\/uploads\/2025\/03\/3251-min-e1741731338524.jpg 600w, https:\/\/www.goldoptionrealestate.com\/wp-content\/uploads\/2025\/03\/3251-min-e1741731338524-240x300.jpg 240w\" sizes=\"(max-width: 600px) 100vw, 600px\" \/>\t\t\t\t\t\t\t\t\t\t\t\t\t\t\t<\/div>\n\t\t\t\t<\/div>\n\t\t<div class=\"elementor-element elementor-element-4a9c43d e-flex e-con-boxed e-con e-child\" data-id=\"4a9c43d\" data-element_type=\"container\" data-e-type=\"container\">\n\t\t\t\t\t<div class=\"e-con-inner\">\n\t\t\t\t<div class=\"elementor-element elementor-element-4fa2d88 elementor-widget elementor-widget-heading\" data-id=\"4fa2d88\" data-element_type=\"widget\" data-e-type=\"widget\" data-widget_type=\"heading.default\">\n\t\t\t\t<div class=\"elementor-widget-container\">\n\t\t\t\t\t<h6 class=\"elementor-heading-title elementor-size-default\">\u00c0 venir<\/h6>\t\t\t\t<\/div>\n\t\t\t\t<\/div>\n\t\t\t\t<div class=\"elementor-element elementor-element-03a95e0 elementor-widget elementor-widget-heading\" data-id=\"03a95e0\" data-element_type=\"widget\" data-e-type=\"widget\" data-widget_type=\"heading.default\">\n\t\t\t\t<div class=\"elementor-widget-container\">\n\t\t\t\t\t<h5 class=\"elementor-heading-title elementor-size-default\">Lote6<\/h5>\t\t\t\t<\/div>\n\t\t\t\t<\/div>\n\t\t\t\t<div class=\"elementor-element elementor-element-83ca479 elementor-icon-list--layout-inline elementor-list-item-link-full_width elementor-widget elementor-widget-icon-list\" data-id=\"83ca479\" data-element_type=\"widget\" data-e-type=\"widget\" data-widget_type=\"icon-list.default\">\n\t\t\t\t<div class=\"elementor-widget-container\">\n\t\t\t\t\t\t\t<ul class=\"elementor-icon-list-items elementor-inline-items\">\n\t\t\t\t\t\t\t<li class=\"elementor-icon-list-item elementor-inline-item\">\n\t\t\t\t\t\t\t\t\t\t\t<span class=\"elementor-icon-list-icon\">\n\t\t\t\t\t\t\t<i aria-hidden=\"true\" class=\"icon icon-apartment1\"><\/i>\t\t\t\t\t\t<\/span>\n\t\t\t\t\t\t\t\t\t\t<span class=\"elementor-icon-list-text\">Algarve<\/span>\n\t\t\t\t\t\t\t\t\t<\/li>\n\t\t\t\t\t\t\t\t<li class=\"elementor-icon-list-item elementor-inline-item\">\n\t\t\t\t\t\t\t\t\t\t\t<span class=\"elementor-icon-list-icon\">\n\t\t\t\t\t\t\t<i aria-hidden=\"true\" class=\"icon icon-calendar-full\"><\/i>\t\t\t\t\t\t<\/span>\n\t\t\t\t\t\t\t\t\t\t<span class=\"elementor-icon-list-text\">2026<\/span>\n\t\t\t\t\t\t\t\t\t<\/li>\n\t\t\t\t\t\t<\/ul>\n\t\t\t\t\t\t<\/div>\n\t\t\t\t<\/div>\n\t\t\t\t\t<\/div>\n\t\t\t\t<\/div>\n\t\t\t\t<\/div>\n\t\t\t\t<\/div>\n\t\t\t\t<\/div>\n\t\t","protected":false},"excerpt":{"rendered":"<p>Projets D\u00e9couvrez les projets qui refl\u00e8tent notre vision Contactez-nous Logement Olival8 Algarve 2025 Appartements ViaMar11 Algarve 2025 \u00c0 venir Lote6 Algarve 2026<\/p>\n","protected":false},"author":1,"featured_media":0,"parent":0,"menu_order":0,"comment_status":"closed","ping_status":"closed","template":"","meta":{"footnotes":""},"class_list":["post-3136","page","type-page","status-publish","hentry"],"yoast_head":"<!-- This site is optimized with the Yoast SEO plugin v27.2 - https:\/\/yoast.com\/product\/yoast-seo-wordpress\/ -->\n<title>Projets - GoldOption<\/title>\n<meta name=\"description\" content=\"D\u00e9couvrez les projets qui refl\u00e8tent notre vision et notre engagement envers la qualit\u00e9 \u2014 des maisons de luxe en Algarve aux appartements T2...\" \/>\n<meta name=\"robots\" content=\"index, follow, max-snippet:-1, max-image-preview:large, max-video-preview:-1\" \/>\n<link rel=\"canonical\" href=\"https:\/\/www.goldoptionrealestate.com\/fr\/projets\/\" \/>\n<meta property=\"og:locale\" content=\"fr_FR\" \/>\n<meta property=\"og:type\" content=\"article\" \/>\n<meta property=\"og:title\" content=\"Projets - GoldOption\" \/>\n<meta property=\"og:description\" content=\"D\u00e9couvrez les projets qui refl\u00e8tent notre vision et notre engagement envers la qualit\u00e9 \u2014 des maisons de luxe en Algarve aux appartements T2...\" \/>\n<meta property=\"og:url\" content=\"https:\/\/www.goldoptionrealestate.com\/fr\/projets\/\" \/>\n<meta property=\"og:site_name\" content=\"GoldOption\" \/>\n<meta property=\"article:modified_time\" content=\"2025-05-13T09:43:07+00:00\" \/>\n<meta property=\"og:image\" content=\"https:\/\/www.goldoptionrealestate.com\/wp-content\/uploads\/2025\/03\/150826-min-e1741888105485.jpg\" \/>\n<meta name=\"twitter:card\" content=\"summary_large_image\" \/>\n<meta name=\"twitter:label1\" content=\"Dur\u00e9e de lecture estim\u00e9e\" \/>\n\t<meta name=\"twitter:data1\" content=\"1 minute\" \/>\n<script type=\"application\/ld+json\" class=\"yoast-schema-graph\">{\"@context\":\"https:\/\/schema.org\",\"@graph\":[{\"@type\":\"WebPage\",\"@id\":\"https:\/\/www.goldoptionrealestate.com\/fr\/projets\/\",\"url\":\"https:\/\/www.goldoptionrealestate.com\/fr\/projets\/\",\"name\":\"Projets - GoldOption\",\"isPartOf\":{\"@id\":\"https:\/\/www.goldoptionrealestate.com\/#website\"},\"primaryImageOfPage\":{\"@id\":\"https:\/\/www.goldoptionrealestate.com\/fr\/projets\/#primaryimage\"},\"image\":{\"@id\":\"https:\/\/www.goldoptionrealestate.com\/fr\/projets\/#primaryimage\"},\"thumbnailUrl\":\"https:\/\/www.goldoptionrealestate.com\/wp-content\/uploads\/2025\/03\/150826-min-e1741888105485.jpg\",\"datePublished\":\"2025-03-06T14:36:04+00:00\",\"dateModified\":\"2025-05-13T09:43:07+00:00\",\"description\":\"D\u00e9couvrez les projets qui refl\u00e8tent notre vision et notre engagement envers la qualit\u00e9 \u2014 des maisons de luxe en Algarve aux appartements T2...\",\"breadcrumb\":{\"@id\":\"https:\/\/www.goldoptionrealestate.com\/fr\/projets\/#breadcrumb\"},\"inLanguage\":\"fr-FR\",\"potentialAction\":[{\"@type\":\"ReadAction\",\"target\":[\"https:\/\/www.goldoptionrealestate.com\/fr\/projets\/\"]}]},{\"@type\":\"ImageObject\",\"inLanguage\":\"fr-FR\",\"@id\":\"https:\/\/www.goldoptionrealestate.com\/fr\/projets\/#primaryimage\",\"url\":\"https:\/\/www.goldoptionrealestate.com\/wp-content\/uploads\/2025\/03\/150826-min-e1741888105485.jpg\",\"contentUrl\":\"https:\/\/www.goldoptionrealestate.com\/wp-content\/uploads\/2025\/03\/150826-min-e1741888105485.jpg\"},{\"@type\":\"BreadcrumbList\",\"@id\":\"https:\/\/www.goldoptionrealestate.com\/fr\/projets\/#breadcrumb\",\"itemListElement\":[{\"@type\":\"ListItem\",\"position\":1,\"name\":\"In\u00edcio\",\"item\":\"https:\/\/www.goldoptionrealestate.com\/\"},{\"@type\":\"ListItem\",\"position\":2,\"name\":\"Projets\"}]},{\"@type\":\"WebSite\",\"@id\":\"https:\/\/www.goldoptionrealestate.com\/#website\",\"url\":\"https:\/\/www.goldoptionrealestate.com\/\",\"name\":\"GoldOption\",\"description\":\"Real Estate\",\"potentialAction\":[{\"@type\":\"SearchAction\",\"target\":{\"@type\":\"EntryPoint\",\"urlTemplate\":\"https:\/\/www.goldoptionrealestate.com\/?s={search_term_string}\"},\"query-input\":{\"@type\":\"PropertyValueSpecification\",\"valueRequired\":true,\"valueName\":\"search_term_string\"}}],\"inLanguage\":\"fr-FR\"}]}<\/script>\n<!-- \/ Yoast SEO plugin. -->","yoast_head_json":{"title":"Projets - GoldOption","description":"D\u00e9couvrez les projets qui refl\u00e8tent notre vision et notre engagement envers la qualit\u00e9 \u2014 des maisons de luxe en Algarve aux appartements T2...","robots":{"index":"index","follow":"follow","max-snippet":"max-snippet:-1","max-image-preview":"max-image-preview:large","max-video-preview":"max-video-preview:-1"},"canonical":"https:\/\/www.goldoptionrealestate.com\/fr\/projets\/","og_locale":"fr_FR","og_type":"article","og_title":"Projets - GoldOption","og_description":"D\u00e9couvrez les projets qui refl\u00e8tent notre vision et notre engagement envers la qualit\u00e9 \u2014 des maisons de luxe en Algarve aux appartements T2...","og_url":"https:\/\/www.goldoptionrealestate.com\/fr\/projets\/","og_site_name":"GoldOption","article_modified_time":"2025-05-13T09:43:07+00:00","og_image":[{"url":"https:\/\/www.goldoptionrealestate.com\/wp-content\/uploads\/2025\/03\/150826-min-e1741888105485.jpg","type":"","width":"","height":""}],"twitter_card":"summary_large_image","twitter_misc":{"Dur\u00e9e de lecture estim\u00e9e":"1 minute"},"schema":{"@context":"https:\/\/schema.org","@graph":[{"@type":"WebPage","@id":"https:\/\/www.goldoptionrealestate.com\/fr\/projets\/","url":"https:\/\/www.goldoptionrealestate.com\/fr\/projets\/","name":"Projets - GoldOption","isPartOf":{"@id":"https:\/\/www.goldoptionrealestate.com\/#website"},"primaryImageOfPage":{"@id":"https:\/\/www.goldoptionrealestate.com\/fr\/projets\/#primaryimage"},"image":{"@id":"https:\/\/www.goldoptionrealestate.com\/fr\/projets\/#primaryimage"},"thumbnailUrl":"https:\/\/www.goldoptionrealestate.com\/wp-content\/uploads\/2025\/03\/150826-min-e1741888105485.jpg","datePublished":"2025-03-06T14:36:04+00:00","dateModified":"2025-05-13T09:43:07+00:00","description":"D\u00e9couvrez les projets qui refl\u00e8tent notre vision et notre engagement envers la qualit\u00e9 \u2014 des maisons de luxe en Algarve aux appartements T2...","breadcrumb":{"@id":"https:\/\/www.goldoptionrealestate.com\/fr\/projets\/#breadcrumb"},"inLanguage":"fr-FR","potentialAction":[{"@type":"ReadAction","target":["https:\/\/www.goldoptionrealestate.com\/fr\/projets\/"]}]},{"@type":"ImageObject","inLanguage":"fr-FR","@id":"https:\/\/www.goldoptionrealestate.com\/fr\/projets\/#primaryimage","url":"https:\/\/www.goldoptionrealestate.com\/wp-content\/uploads\/2025\/03\/150826-min-e1741888105485.jpg","contentUrl":"https:\/\/www.goldoptionrealestate.com\/wp-content\/uploads\/2025\/03\/150826-min-e1741888105485.jpg"},{"@type":"BreadcrumbList","@id":"https:\/\/www.goldoptionrealestate.com\/fr\/projets\/#breadcrumb","itemListElement":[{"@type":"ListItem","position":1,"name":"In\u00edcio","item":"https:\/\/www.goldoptionrealestate.com\/"},{"@type":"ListItem","position":2,"name":"Projets"}]},{"@type":"WebSite","@id":"https:\/\/www.goldoptionrealestate.com\/#website","url":"https:\/\/www.goldoptionrealestate.com\/","name":"GoldOption","description":"Real Estate","potentialAction":[{"@type":"SearchAction","target":{"@type":"EntryPoint","urlTemplate":"https:\/\/www.goldoptionrealestate.com\/?s={search_term_string}"},"query-input":{"@type":"PropertyValueSpecification","valueRequired":true,"valueName":"search_term_string"}}],"inLanguage":"fr-FR"}]}},"_links":{"self":[{"href":"https:\/\/www.goldoptionrealestate.com\/fr\/wp-json\/wp\/v2\/pages\/3136","targetHints":{"allow":["GET"]}}],"collection":[{"href":"https:\/\/www.goldoptionrealestate.com\/fr\/wp-json\/wp\/v2\/pages"}],"about":[{"href":"https:\/\/www.goldoptionrealestate.com\/fr\/wp-json\/wp\/v2\/types\/page"}],"author":[{"embeddable":true,"href":"https:\/\/www.goldoptionrealestate.com\/fr\/wp-json\/wp\/v2\/users\/1"}],"replies":[{"embeddable":true,"href":"https:\/\/www.goldoptionrealestate.com\/fr\/wp-json\/wp\/v2\/comments?post=3136"}],"version-history":[{"count":11,"href":"https:\/\/www.goldoptionrealestate.com\/fr\/wp-json\/wp\/v2\/pages\/3136\/revisions"}],"predecessor-version":[{"id":3542,"href":"https:\/\/www.goldoptionrealestate.com\/fr\/wp-json\/wp\/v2\/pages\/3136\/revisions\/3542"}],"wp:attachment":[{"href":"https:\/\/www.goldoptionrealestate.com\/fr\/wp-json\/wp\/v2\/media?parent=3136"}],"curies":[{"name":"wp","href":"https:\/\/api.w.org\/{rel}","templated":true}]}}